{"id":57,"date":"2018-12-16T10:25:59","date_gmt":"2018-12-16T09:25:59","guid":{"rendered":"http:\/\/gsdinfo.ddns.net:8080\/lethierry\/?page_id=57"},"modified":"2018-12-16T10:26:36","modified_gmt":"2018-12-16T09:26:36","slug":"films","status":"publish","type":"page","link":"https:\/\/www.hugues-lethierry.fr\/?page_id=57","title":{"rendered":"Films"},"content":{"rendered":"\n<p><strong>INTERVENTION EN SORBONNE DU 14 MARS 2015 <\/strong><\/p>\n\n\n\n<p><strong>SUR L&rsquo;IRONIE MARXISTE ( LEFEBVRE,&nbsp; POLITZER et les autres )<\/strong><a href=\"http:\/\/www.lesfilmsdelan2.org\/lesfilmsdelan2\/Marx_au_21_eme_siecle.html\" target=\"_blank\" rel=\"noreferrer noopener\">http:\/\/www.lesfilmsdelan2.org\/lesfilmsdelan2\/Marx_au_21_eme_siecle.html<\/a><br><\/p>\n\n\n\n<p>( attention : le chargement du film dure 5mn )<\/p>\n\n\n\n<figure class=\"wp-block-embed\"><div class=\"wp-block-embed__wrapper\">\nhttps:\/\/www.google.fr\/#q=hugues+lethierry&#038;tbm=vid\n<\/div><\/figure>\n\n\n\n<p>____________________________________________________________________________________<\/p>\n\n\n\n<p><strong>Pr\u00e9sentation de \u00ab\u00a0\u00e9crire publier diffuser \u00a0\u00bb chez l &lsquo;HARMATTAN en janvier 2014<\/strong><\/p>\n\n\n\n<figure class=\"wp-block-embed\"><div class=\"wp-block-embed__wrapper\">\nhttp:\/\/www.youtube.com\/watch?v=c3FdfC4SVuw&#038;feature=player_detailpage\n<\/div><\/figure>\n\n\n\n<p>_______________________________________________________________________________<\/p>\n\n\n\n<p><strong>Lefebvre \u00e0 VARSOVIE novembre 2009 <\/strong><\/p>\n\n\n\n<figure class=\"wp-block-embed-vimeo wp-block-embed is-type-video is-provider-vimeo wp-embed-aspect-16-9 wp-has-aspect-ratio\"><div class=\"wp-block-embed__wrapper\">\n<iframe loading=\"lazy\" src=\"https:\/\/player.vimeo.com\/video\/8119801?dnt=1&#038;app_id=122963\" width=\"640\" height=\"360\" frameborder=\"0\" title=\"WWB TV. Miasto i zysk. Hugues Lethierry\" allow=\"autoplay; fullscreen\" allowfullscreen><\/iframe>\n<\/div><\/figure>\n\n\n\n<p>_________________________________________________________________________________<\/p>\n\n\n\n<p><strong>soir\u00e9e cynique (d\u00e9cembre 2013) librairie tropiques Paris 14e<\/strong><\/p>\n\n\n\n<p><strong>cliquez dessous pour voir l&rsquo;intervention film\u00e9e<\/strong><\/p>\n\n\n\n<figure class=\"wp-block-embed-dailymotion wp-block-embed is-type-video is-provider-dailymotion wp-embed-aspect-16-9 wp-has-aspect-ratio\"><div class=\"wp-block-embed__wrapper\">\n<iframe loading=\"lazy\" frameborder=\"0\" width=\"1040\" height=\"584\" src=\"https:\/\/www.dailymotion.com\/embed\/video\/x191hx5\" allowfullscreen allow=\"autoplay\"><\/iframe>\n<\/div><\/figure>\n\n\n\n<p>______________________________________________________________________<\/p>\n\n\n\n<p><strong>festival DIOGENE 1<\/strong><\/p>\n\n\n\n<figure class=\"wp-block-embed\"><div class=\"wp-block-embed__wrapper\">\nhttp:\/\/www.youtube.com\/watch?feature=player_detailpage&#038;v=ej39ODQ1ezY\n<\/div><\/figure>\n\n\n\n<p>________________________________________________________________________<\/p>\n\n\n\n<p><strong>festival DIOGENE 2<br><\/strong><\/p>\n\n\n\n<figure class=\"wp-block-embed\"><div class=\"wp-block-embed__wrapper\">\nhttp:\/\/www.youtube.com\/watch?feature=player_detailpage&#038;v=TO0ukGykYO4\n<\/div><\/figure>\n\n\n\n<p>________________________________________________________________________<\/p>\n\n\n\n<p><strong>festival DIOGENE 3<br><\/strong><\/p>\n\n\n\n<figure class=\"wp-block-embed\"><div class=\"wp-block-embed__wrapper\">\nhttp:\/\/www.youtube.com\/watch?v=tFcoALUEBB8\n<\/div><\/figure>\n\n\n\n<p>_____________________________________________________________________<\/p>\n\n\n\n<p><strong>Jankelevitch \u00e0 la fondation PERI <\/strong><\/p>\n\n\n\n<figure class=\"wp-block-embed\"><div class=\"wp-block-embed__wrapper\">\nhttp:\/\/www.youtube.com\/watch?v=nUxTjWWbQF8\n<\/div><\/figure>\n\n\n\n<p>_________________________________________________________________<\/p>\n\n\n\n<p><strong>Jankelevitch avec amis du diplo Grenoble <\/strong><\/p>\n\n\n\n<figure class=\"wp-block-embed\"><div class=\"wp-block-embed__wrapper\">\n<div style=\"width: 640px;\" class=\"wp-video\"><video class=\"wp-video-shortcode\" id=\"video-57-1\" width=\"640\" height=\"360\" preload=\"metadata\" controls=\"controls\"><source type=\"video\/mp4\" src=\"http:\/\/cyan1.grenet.fr\/podcastmedia\/Rencontres-Diplo\/20140424-AMD38-hugues-lethierry.m4v?_=1\" \/><a href=\"http:\/\/cyan1.grenet.fr\/podcastmedia\/Rencontres-Diplo\/20140424-AMD38-hugues-lethierry.m4v\">http:\/\/cyan1.grenet.fr\/podcastmedia\/Rencontres-Diplo\/20140424-AMD38-hugues-lethierry.m4v<\/a><\/video><\/div>\n<\/div><\/figure>\n","protected":false},"excerpt":{"rendered":"<p>INTERVENTION EN SORBONNE DU 14 MARS 2015 SUR L&rsquo;IRONIE MARXISTE ( LEFEBVRE,&nbsp; POLITZER et les autres )http:\/\/www.lesfilmsdelan2.org\/lesfilmsdelan2\/Marx_au_21_eme_siecle.html ( attention : le chargement du film dure 5mn ) ____________________________________________________________________________________ Pr\u00e9sentation de \u00ab\u00a0\u00e9crire publier diffuser \u00a0\u00bb chez l &lsquo;HARMATTAN en janvier 2014 _______________________________________________________________________________ Lefebvre \u00e0 VARSOVIE novembre 2009 _________________________________________________________________________________ soir\u00e9e cynique (d\u00e9cembre 2013) librairie tropiques Paris 14e cliquez dessous pour voir l&rsquo;intervention film\u00e9e ______________________________________________________________________ festival DIOGENE 1 ________________________________________________________________________ festival DIOGENE 2 ________________________________________________________________________[&#8230;]<\/p>\n","protected":false},"author":1,"featured_media":0,"parent":53,"menu_order":0,"comment_status":"closed","ping_status":"closed","template":"","meta":{"footnotes":""},"class_list":["post-57","page","type-page","status-publish","hentry"],"_links":{"self":[{"href":"https:\/\/www.hugues-lethierry.fr\/index.php?rest_route=\/wp\/v2\/pages\/57","targetHints":{"allow":["GET"]}}],"collection":[{"href":"https:\/\/www.hugues-lethierry.fr\/index.php?rest_route=\/wp\/v2\/pages"}],"about":[{"href":"https:\/\/www.hugues-lethierry.fr\/index.php?rest_route=\/wp\/v2\/types\/page"}],"author":[{"embeddable":true,"href":"https:\/\/www.hugues-lethierry.fr\/index.php?rest_route=\/wp\/v2\/users\/1"}],"replies":[{"embeddable":true,"href":"https:\/\/www.hugues-lethierry.fr\/index.php?rest_route=%2Fwp%2Fv2%2Fcomments&post=57"}],"version-history":[{"count":1,"href":"https:\/\/www.hugues-lethierry.fr\/index.php?rest_route=\/wp\/v2\/pages\/57\/revisions"}],"predecessor-version":[{"id":58,"href":"https:\/\/www.hugues-lethierry.fr\/index.php?rest_route=\/wp\/v2\/pages\/57\/revisions\/58"}],"up":[{"embeddable":true,"href":"https:\/\/www.hugues-lethierry.fr\/index.php?rest_route=\/wp\/v2\/pages\/53"}],"wp:attachment":[{"href":"https:\/\/www.hugues-lethierry.fr\/index.php?rest_route=%2Fwp%2Fv2%2Fmedia&parent=57"}],"curies":[{"name":"wp","href":"https:\/\/api.w.org\/{rel}","templated":true}]}}