{"id":170,"date":"2019-02-18T15:59:21","date_gmt":"2019-02-18T14:59:21","guid":{"rendered":"http:\/\/www.hugues-lethierry.fr\/?page_id=170"},"modified":"2019-02-18T15:59:42","modified_gmt":"2019-02-18T14:59:42","slug":"nos-prochains-rendez-vous","status":"publish","type":"page","link":"http:\/\/www.hugues-lethierry.fr\/?page_id=170","title":{"rendered":"Nos prochains rendez-vous &#8230;"},"content":{"rendered":"<p>Prochaines interventions sur nos derniers livres :<\/p>\n<p>12 mars \u00e0 19h<br \/>\nCaf\u00e9 L\u2019assiette du vin , 8 rue Duviar ,<br \/>\nLyon 4e<br \/>\nDu cynisme : pratique politicienne ou id\u00e9al philosophique ?  <\/p>\n<p>5 avril \u00e0 19h<br \/>\nLucarne des \u00e9crivains , 115 Rue de l\u2019 Ourcq ,Paris 19e<br \/>\nM\u00e9tro Rosa Parks<br \/>\nDu cynisme : pratique politicienne ou id\u00e9al philosophique ?  <\/p>\n<p>13,  avril \u00e0 17h<br \/>\nCaf\u00e9 du Pont-neuf,14 quai du Louvre<br \/>\nParis 4e<br \/>\nCaf\u00e9 philo :<br \/>\n\u00ab Y a-t-il une seule libido ? \u00bb <\/p>\n<p>15 juin \u00e0  14h<br \/>\nTh\u00e9\u00e2tre du Carr\u00e9 30,  12 rue Pizay ,<br \/>\nLyon 4e<br \/>\n( entr\u00e9e libre dans la mesure des places disponibles)<br \/>\nPr\u00e9sentation et signature de l\u2019ouvrage  <\/p>\n<p>Pr\u00e9sentation et signature des ouvrages :<br \/>\n_ Du cynisme , \u00e9ditions Petit pav\u00e9<br \/>\n_ Le camarade Collomb, \u00e9ditions ThoT<br \/>\n_ Vivre ou philosopher, Les ciseaux d\u2019Anastasie, \u00e9ditions Petit pav\u00e9  <\/p>\n","protected":false},"excerpt":{"rendered":"<p>Prochaines interventions sur nos derniers livres : 12 mars \u00e0 19h Caf\u00e9 L\u2019assiette du vin , 8 rue Duviar , Lyon 4e Du cynisme : pratique politicienne ou id\u00e9al philosophique ? 5 avril \u00e0 19h Lucarne des \u00e9crivains , 115 Rue de l\u2019 Ourcq ,Paris 19e M\u00e9tro Rosa Parks Du cynisme : pratique politicienne ou id\u00e9al philosophique ? 13, avril \u00e0 17h Caf\u00e9 du Pont-neuf,14 quai du Louvre Paris 4e[&#8230;]<\/p>\n","protected":false},"author":3,"featured_media":0,"parent":0,"menu_order":0,"comment_status":"closed","ping_status":"closed","template":"","meta":{"footnotes":""},"class_list":["post-170","page","type-page","status-publish","hentry"],"_links":{"self":[{"href":"http:\/\/www.hugues-lethierry.fr\/index.php?rest_route=\/wp\/v2\/pages\/170","targetHints":{"allow":["GET"]}}],"collection":[{"href":"http:\/\/www.hugues-lethierry.fr\/index.php?rest_route=\/wp\/v2\/pages"}],"about":[{"href":"http:\/\/www.hugues-lethierry.fr\/index.php?rest_route=\/wp\/v2\/types\/page"}],"author":[{"embeddable":true,"href":"http:\/\/www.hugues-lethierry.fr\/index.php?rest_route=\/wp\/v2\/users\/3"}],"replies":[{"embeddable":true,"href":"http:\/\/www.hugues-lethierry.fr\/index.php?rest_route=%2Fwp%2Fv2%2Fcomments&post=170"}],"version-history":[{"count":1,"href":"http:\/\/www.hugues-lethierry.fr\/index.php?rest_route=\/wp\/v2\/pages\/170\/revisions"}],"predecessor-version":[{"id":171,"href":"http:\/\/www.hugues-lethierry.fr\/index.php?rest_route=\/wp\/v2\/pages\/170\/revisions\/171"}],"wp:attachment":[{"href":"http:\/\/www.hugues-lethierry.fr\/index.php?rest_route=%2Fwp%2Fv2%2Fmedia&parent=170"}],"curies":[{"name":"wp","href":"https:\/\/api.w.org\/{rel}","templated":true}]}}